{"id":7160,"date":"2025-12-17T15:37:14","date_gmt":"2025-12-17T12:37:14","guid":{"rendered":"https:\/\/www.kocaelispor.tv.tr\/?page_id=7160"},"modified":"2025-12-17T16:20:52","modified_gmt":"2025-12-17T13:20:52","slug":"kadro-kur","status":"publish","type":"page","link":"https:\/\/www.kocaelispor.tv.tr\/?page_id=7160","title":{"rendered":"KADRO KUR"},"content":{"rendered":"\n<div class=\"ks-full-page-container\">\n    <iframe \n        src=\"https:\/\/www.kocaelispor.tv.tr\/kadro-kur\/\" \n        class=\"ks-full-iframe\"\n        allowfullscreen \n        title=\"Kocaelispor Kadro Kur\">\n    <\/iframe>\n<\/div>\n\n<style>\n\/* Sayfadaki di\u011fer bo\u015fluklar\u0131 s\u0131f\u0131rlamak ve tam boyut sa\u011flamak i\u00e7in *\/\n.ks-full-page-container {\n    position: relative;\n    width: 100%;\n    height: 100vh; \/* Ekran\u0131n tam y\u00fcksekli\u011fi *\/\n    margin: 0;\n    padding: 0;\n    overflow: hidden;\n}\n\n.ks-full-iframe {\n    width: 100%;\n    height: 100%;\n    border: none;\n    display: block;\n}\n\n\/* WordPress temalar\u0131ndaki olas\u0131 i\u00e7 bo\u015fluklar\u0131 (padding) ezmek i\u00e7in *\/\n.entry-content {\n    max-width: 100% !important;\n    padding: 0 !important;\n    margin: 0 !important;\n}\n\n\/* Mobil cihazlarda y\u00fcksekli\u011fi daha iyi y\u00f6netmek i\u00e7in *\/\n@media screen and (max-width: 768px) {\n    .ks-full-page-container {\n        height: calc(100vh - 50px); \/* Varsa mobil men\u00fc bo\u015flu\u011fu i\u00e7in pay b\u0131rak\u0131r *\/\n    }\n}\n<\/style>\n\n\n\n<script type=\"text\/javascript\">var sc_project=13193042; var sc_invisible=0; var sc_security=\"238ebeeb\"; var scJsHost = \"https:\/\/\"; document.write(\"<sc\"+\"ript type='text\/javascript' src='\" + scJsHost+ \"statcounter.com\/counter\/counter.js'><\/\"+\"script>\");<\/script>\n                <noscript><div class=\"statcounter\"><a title=\"Web Analytics\" href=\"https:\/\/statcounter.com\/\" target=\"_blank\" rel=\"noopener\"><img decoding=\"async\" class=\"statcounter\" src=\"https:\/\/c.statcounter.com\/13193042\/0\/238ebeeb\/0\/\" alt=\"Web Analytics\" title=\"\"><\/a><\/div><\/noscript>\n","protected":false},"excerpt":{"rendered":"","protected":false},"author":1,"featured_media":0,"parent":0,"menu_order":0,"comment_status":"closed","ping_status":"closed","template":"","meta":{"footnotes":""},"class_list":["post-7160","page","type-page","status-publish","hentry"],"amp_enabled":true,"_links":{"self":[{"href":"https:\/\/www.kocaelispor.tv.tr\/index.php?rest_route=\/wp\/v2\/pages\/7160","targetHints":{"allow":["GET"]}}],"collection":[{"href":"https:\/\/www.kocaelispor.tv.tr\/index.php?rest_route=\/wp\/v2\/pages"}],"about":[{"href":"https:\/\/www.kocaelispor.tv.tr\/index.php?rest_route=\/wp\/v2\/types\/page"}],"author":[{"embeddable":true,"href":"https:\/\/www.kocaelispor.tv.tr\/index.php?rest_route=\/wp\/v2\/users\/1"}],"replies":[{"embeddable":true,"href":"https:\/\/www.kocaelispor.tv.tr\/index.php?rest_route=%2Fwp%2Fv2%2Fcomments&post=7160"}],"version-history":[{"count":0,"href":"https:\/\/www.kocaelispor.tv.tr\/index.php?rest_route=\/wp\/v2\/pages\/7160\/revisions"}],"wp:attachment":[{"href":"https:\/\/www.kocaelispor.tv.tr\/index.php?rest_route=%2Fwp%2Fv2%2Fmedia&parent=7160"}],"curies":[{"name":"wp","href":"https:\/\/api.w.org\/{rel}","templated":true}]}}