{"id":163,"date":"2024-02-01T22:06:43","date_gmt":"2024-02-01T19:06:43","guid":{"rendered":"https:\/\/kocaelispor.tv.tr\/?page_id=163"},"modified":"2026-02-07T15:28:19","modified_gmt":"2026-02-07T12:28:19","slug":"hakkimizda","status":"publish","type":"page","link":"https:\/\/www.kocaelispor.tv.tr\/?page_id=163","title":{"rendered":"Hakk\u0131m\u0131zda"},"content":{"rendered":"\n<p>Kocaelispor.Tv.Tr internet sitesi Kocaelispor \u2018umuzun videolar\u0131n\u0131 bir araya getirmek i\u00e7in yay\u0131n yapmakta olan amat\u00f6r bir sitedir. <\/p>\n\n\n\n<p>Web Sitemiz 5651 say\u0131l\u0131 kanun \u00e7er\u00e7evesinde faaliyet g\u00f6stermekte olup yay\u0131nlanan i\u00e7eriklerden sorumlu de\u011fildir. Fakat i\u00e7eri\u011fin kanuna ayk\u0131r\u0131 veya telif hakk\u0131 i\u00e7erdi\u011fi ile ilgili yaz\u0131l\u0131 veya dijital bir tebli\u011f almas\u0131 halinde s\u00f6z konusu i\u00e7eri\u011fi kald\u0131rmakla m\u00fckelleftir.<\/p>\n\n\n\n<p>Kocaelispor.Tv.Tr internet sitesi, \u015fanl\u0131 Kocaelispor\u2019umuzun ma\u00e7 \u00f6zetlerini, gollerini ve taraftar videolar\u0131n\u0131 bir araya getirmek amac\u0131yla yay\u0131n yapan ba\u011f\u0131ms\u0131z ve amat\u00f6r ruhlu bir taraftar sitesidir.<\/p>\n\n\n\n<p>Sitemizin Kocaelispor Kul\u00fcb\u00fc veya herhangi bir resmi kurumla idari veya organik ba\u011f\u0131 yoktur. Sitemiz, 5651 say\u0131l\u0131 kanun \u00e7er\u00e7evesinde faaliyet g\u00f6stermektedir.<\/p>\n\n\n\n<p>Sitemizde payla\u015f\u0131lan videolar\u0131n (YouTube, Dailymotion vb. \u00fczerinden embed\/g\u00f6m\u00fcl\u00fc kod ile eklenen) t\u00fcm hukuki sorumlulu\u011fu videonun as\u0131l yay\u0131nc\u0131s\u0131na aittir. Sitemiz, yay\u0131nlanan i\u00e7erikleri kontrol etme y\u00fck\u00fcml\u00fcl\u00fc\u011f\u00fc ta\u015f\u0131mamaktad\u0131r. Ancak; telif hakk\u0131 ihlali i\u00e7eren veya kanuna ayk\u0131r\u0131 bir i\u00e7erikle ilgili taraf\u0131m\u0131za <strong>&#8220;Uyar-Kald\u0131r&#8221;<\/strong> prensibi gere\u011fi yaz\u0131l\u0131 veya dijital bir tebli\u011f yap\u0131lmas\u0131 halinde, s\u00f6z konusu i\u00e7erik en k\u0131sa s\u00fcrede sitemizden kald\u0131r\u0131lacakt\u0131r.<\/p>\n\n\n\n<p><strong>\u0130leti\u015fim Bilgileri<\/strong> G\u00f6r\u00fc\u015f, \u00f6neri ve telif bildirimleri i\u00e7in bize ula\u015fabilirsiniz:<\/p>\n\n\n\n<ul class=\"wp-block-list\">\n<li><strong>WhatsApp:<\/strong> +90 262 606 09 66<\/li>\n\n\n\n<li><strong>E-posta:<\/strong> <a href=\"mailto:bilgi@kocaelispor.tv.tr\" target=\"_blank\" rel=\"noreferrer noopener\">bilgi@kocaelispor.tv.tr<\/a><\/li>\n\n\n\n<li><strong>Web Siteleri:<\/strong> <a href=\"https:\/\/www.google.com\/url?sa=E&amp;source=gmail&amp;q=https:\/\/www.kocaelispor.tv.tr\/\" target=\"_blank\" rel=\"noreferrer noopener\">www.kocaelispor.tv.tr\/<\/a> | <a href=\"http:\/\/www.kocaelispor.tr\" target=\"_blank\" rel=\"noopener\">www.kocaelispor.tr<\/a><\/li>\n<\/ul>\n\n\n\n<p>*** Sitemizde payla\u015f\u0131lan videolar\u0131n t\u00fcm sorumlulu\u011fu, video &#8216;nun yay\u0131nc\u0131s\u0131na aittir. ***<\/p>\n","protected":false},"excerpt":{"rendered":"<p>Kocaelispor.Tv.Tr internet sitesi Kocaelispor \u2018umuzun videolar\u0131n\u0131 bir araya getirmek i\u00e7in yay\u0131n yapmakta olan amat\u00f6r bir sitedir. Web Sitemiz 5651 say\u0131l\u0131 kanun \u00e7er\u00e7evesinde faaliyet g\u00f6stermekte olup<\/p>\n","protected":false},"author":1,"featured_media":8,"parent":0,"menu_order":0,"comment_status":"closed","ping_status":"closed","template":"","meta":{"footnotes":""},"class_list":["post-163","page","type-page","status-publish","has-post-thumbnail","hentry"],"amp_enabled":true,"_links":{"self":[{"href":"https:\/\/www.kocaelispor.tv.tr\/index.php?rest_route=\/wp\/v2\/pages\/163","targetHints":{"allow":["GET"]}}],"collection":[{"href":"https:\/\/www.kocaelispor.tv.tr\/index.php?rest_route=\/wp\/v2\/pages"}],"about":[{"href":"https:\/\/www.kocaelispor.tv.tr\/index.php?rest_route=\/wp\/v2\/types\/page"}],"author":[{"embeddable":true,"href":"https:\/\/www.kocaelispor.tv.tr\/index.php?rest_route=\/wp\/v2\/users\/1"}],"replies":[{"embeddable":true,"href":"https:\/\/www.kocaelispor.tv.tr\/index.php?rest_route=%2Fwp%2Fv2%2Fcomments&post=163"}],"version-history":[{"count":0,"href":"https:\/\/www.kocaelispor.tv.tr\/index.php?rest_route=\/wp\/v2\/pages\/163\/revisions"}],"wp:featuredmedia":[{"embeddable":true,"href":"https:\/\/www.kocaelispor.tv.tr\/index.php?rest_route=\/wp\/v2\/media\/8"}],"wp:attachment":[{"href":"https:\/\/www.kocaelispor.tv.tr\/index.php?rest_route=%2Fwp%2Fv2%2Fmedia&parent=163"}],"curies":[{"name":"wp","href":"https:\/\/api.w.org\/{rel}","templated":true}]}}